{"id":6517,"date":"2024-08-12T15:19:50","date_gmt":"2024-08-12T19:19:50","guid":{"rendered":"https:\/\/www.fattruck.com\/caracteristiques\/"},"modified":"2024-10-31T09:03:12","modified_gmt":"2024-10-31T13:03:12","slug":"caracteristiques","status":"publish","type":"page","link":"https:\/\/fattruck.com\/fr\/caracteristiques\/","title":{"rendered":"Caract\u00e9ristiques"},"content":{"rendered":"\t\t<div data-elementor-type=\"wp-page\" data-elementor-id=\"6517\" class=\"elementor elementor-6517 elementor-39\" data-elementor-post-type=\"page\">\n\t\t\t\t<div class=\"elementor-element elementor-element-008c636 e-con-full e-flex e-con e-parent\" data-id=\"008c636\" data-element_type=\"container\">\n\t\t\t\t<div class=\"elementor-element elementor-element-ab6bb9f animated-slow elementor-invisible elementor-widget elementor-widget-image\" data-id=\"ab6bb9f\" data-element_type=\"widget\" data-settings=\"{&quot;_animation&quot;:&quot;fadeIn&quot;}\" data-widget_type=\"image.default\">\n\t\t\t\t<div class=\"elementor-widget-container\">\n\t\t\t\t\t\t\t\t\t\t\t\t\t\t\t<img fetchpriority=\"high\" decoding=\"async\" width=\"1968\" height=\"534\" src=\"https:\/\/fattruck.com\/wp-content\/uploads\/2024\/08\/features-banner.png\" class=\"attachment-full size-full wp-image-2844\" alt=\"\" srcset=\"https:\/\/fattruck.com\/wp-content\/uploads\/2024\/08\/features-banner.png 1968w, https:\/\/fattruck.com\/wp-content\/uploads\/2024\/08\/features-banner-300x81.png 300w, https:\/\/fattruck.com\/wp-content\/uploads\/2024\/08\/features-banner-1024x278.png 1024w, https:\/\/fattruck.com\/wp-content\/uploads\/2024\/08\/features-banner-768x208.png 768w, https:\/\/fattruck.com\/wp-content\/uploads\/2024\/08\/features-banner-1536x417.png 1536w\" sizes=\"(max-width: 1968px) 100vw, 1968px\" \/>\t\t\t\t\t\t\t\t\t\t\t\t\t\t\t<\/div>\n\t\t\t\t<\/div>\n\t\t\t\t<\/div>\n\t\t<div class=\"elementor-element elementor-element-e2dc223 e-con-full e-flex e-con e-parent\" data-id=\"e2dc223\" data-element_type=\"container\" data-settings=\"{&quot;background_background&quot;:&quot;classic&quot;}\">\n\t\t<div class=\"elementor-element elementor-element-5a657b7 e-con-full e-flex e-con e-child\" data-id=\"5a657b7\" data-element_type=\"container\">\n\t\t\t\t<div class=\"elementor-element elementor-element-e56222b elementor-widget elementor-widget-heading\" data-id=\"e56222b\" data-element_type=\"widget\" data-widget_type=\"heading.default\">\n\t\t\t\t<div class=\"elementor-widget-container\">\n\t\t\t\t\t<h1 class=\"elementor-heading-title elementor-size-default\">Caract\u00e9ristiques<\/h1>\t\t\t\t<\/div>\n\t\t\t\t<\/div>\n\t\t\t\t<\/div>\n\t\t<div class=\"elementor-element elementor-element-47f279f e-con-full e-flex e-con e-child\" data-id=\"47f279f\" data-element_type=\"container\">\n\t\t<div class=\"elementor-element elementor-element-5b6d99f e-con-full e-flex e-con e-child\" data-id=\"5b6d99f\" data-element_type=\"container\">\n\t\t\t\t<div class=\"elementor-element elementor-element-fe10a7c elementor-widget elementor-widget-heading\" data-id=\"fe10a7c\" data-element_type=\"widget\" data-widget_type=\"heading.default\">\n\t\t\t\t<div class=\"elementor-widget-container\">\n\t\t\t\t\t<h2 class=\"elementor-heading-title elementor-size-default\">Explorez l'avenir du transport tout-terrain gr\u00e2ce aux performances in\u00e9gal\u00e9es du Fat Truck, leader en Am\u00e9rique du Nord en mati\u00e8re d'innovation et de fiabilit\u00e9.<\/h2>\t\t\t\t<\/div>\n\t\t\t\t<\/div>\n\t\t\t\t<div class=\"elementor-element elementor-element-47010fc elementor-widget elementor-widget-text-editor\" data-id=\"47010fc\" data-element_type=\"widget\" data-widget_type=\"text-editor.default\">\n\t\t\t\t<div class=\"elementor-widget-container\">\n\t\t\t\t\t\t\t\t\t<p>Les caract\u00e9ristiques de base du Fat Truck le distinguent parmi les v\u00e9hicules tout-terrain. Il offre des pneus robustes pour tous types de terrain, une stabilit\u00e9 exceptionnelle et des capacit\u00e9s amphibies avanc\u00e9es pour une performance polyvalente. La s\u00e9curit\u00e9 est primordiale, avec une protection sup\u00e9rieure contre les renversements et des commandes faciles \u00e0 utiliser. Ces attributs essentiels garantissent fiabilit\u00e9 et excellence, \u00e9tablissant le Fat Truck comme le meilleur de sa cat\u00e9gorie.   <\/p>\n\t\t\t\t\t\t\t\t<\/div>\n\t\t\t\t<\/div>\n\t\t\t\t<\/div>\n\t\t<div class=\"elementor-element elementor-element-643d19b e-grid e-con-full e-con e-child\" data-id=\"643d19b\" data-element_type=\"container\">\n\t\t<div class=\"elementor-element elementor-element-592ed4f e-con-full e-flex e-con e-child\" data-id=\"592ed4f\" data-element_type=\"container\">\n\t\t\t\t<div class=\"elementor-element elementor-element-b6fc431 elementor-widget elementor-widget-heading\" data-id=\"b6fc431\" data-element_type=\"widget\" data-widget_type=\"heading.default\">\n\t\t\t\t<div class=\"elementor-widget-container\">\n\t\t\t\t\t<span class=\"elementor-heading-title elementor-size-default\">01<\/span>\t\t\t\t<\/div>\n\t\t\t\t<\/div>\n\t\t\t\t<div class=\"elementor-element elementor-element-ce41e24 elementor-widget elementor-widget-heading\" data-id=\"ce41e24\" data-element_type=\"widget\" data-widget_type=\"heading.default\">\n\t\t\t\t<div class=\"elementor-widget-container\">\n\t\t\t\t\t<h5 class=\"elementor-heading-title elementor-size-default\">S\u00e9curit\u00e9<\/h5>\t\t\t\t<\/div>\n\t\t\t\t<\/div>\n\t\t\t\t<div class=\"elementor-element elementor-element-a5ad7db elementor-widget elementor-widget-text-editor\" data-id=\"a5ad7db\" data-element_type=\"widget\" data-widget_type=\"text-editor.default\">\n\t\t\t\t<div class=\"elementor-widget-container\">\n\t\t\t\t\t\t\t\t\t<ul>\n<li>Certification ROPS<\/li>\n<li>Niveau de bruit contr\u00f4l\u00e9<\/li>\n<li>EPA conforme<\/li>\n<li>Con\u00e7u selon OSHA, ASME, ANSI, OIN, SAE<\/li>\n<li>Limiteur de vitesse maximale<\/li>\n<li>Freins automatiques lorsque le v\u00e9hicule est \u00e0 l\u2019arr\u00eat<\/li>\n<li>Visibilit\u00e9 360 \u00b0<\/li>\n<li>R\u00e9troviseurs lat\u00e9raux<\/li>\n<li>Gonflage des pneus automatique<\/li>\n<li>\u00c9chelle avant et arri\u00e8re avec contact \u00e0 3-points, \u00e0 tout moment.<\/li>\n<li>Poign\u00e9es \u00e0 chaque point d\u2019entr\u00e9e<\/li>\n<li>Ceinture de s\u00e9curit\u00e9 \u00e0 3-points pour tous les si\u00e8ges.<\/li>\n<li>Ensemble de s\u00e9curit\u00e9 pour crevaison<\/li>\n<li>Option civi\u00e8re<\/li>\n<\/ul>\n\t\t\t\t\t\t\t\t<\/div>\n\t\t\t\t<\/div>\n\t\t\t\t<\/div>\n\t\t\t\t<\/div>\n\t\t\t\t<\/div>\n\t\t\t\t<\/div>\n\t\t<div class=\"elementor-element elementor-element-daac6db e-con-full e-flex e-con e-parent\" data-id=\"daac6db\" data-element_type=\"container\" data-settings=\"{&quot;background_background&quot;:&quot;classic&quot;}\">\n\t\t<div class=\"elementor-element elementor-element-48fb8d8 e-con-full elementor-hidden-tablet elementor-hidden-mobile e-flex e-con e-child\" data-id=\"48fb8d8\" data-element_type=\"container\">\n\t\t\t\t<\/div>\n\t\t<div class=\"elementor-element elementor-element-f3c770c e-con-full e-flex e-con e-child\" data-id=\"f3c770c\" data-element_type=\"container\">\n\t\t<div class=\"elementor-element elementor-element-7bd476d e-grid e-con-full e-con e-child\" data-id=\"7bd476d\" data-element_type=\"container\">\n\t\t<div class=\"elementor-element elementor-element-9d1720d e-con-full e-flex e-con e-child\" data-id=\"9d1720d\" data-element_type=\"container\">\n\t\t\t\t<div class=\"elementor-element elementor-element-f6c0bc2 elementor-widget elementor-widget-heading\" data-id=\"f6c0bc2\" data-element_type=\"widget\" data-widget_type=\"heading.default\">\n\t\t\t\t<div class=\"elementor-widget-container\">\n\t\t\t\t\t<span class=\"elementor-heading-title elementor-size-default\">02<\/span>\t\t\t\t<\/div>\n\t\t\t\t<\/div>\n\t\t\t\t<div class=\"elementor-element elementor-element-4461c25 elementor-widget elementor-widget-heading\" data-id=\"4461c25\" data-element_type=\"widget\" data-widget_type=\"heading.default\">\n\t\t\t\t<div class=\"elementor-widget-container\">\n\t\t\t\t\t<h5 class=\"elementor-heading-title elementor-size-default\">Interface utilisateur<\/h5>\t\t\t\t<\/div>\n\t\t\t\t<\/div>\n\t\t<div class=\"elementor-element elementor-element-0d350ef e-con-full e-flex e-con e-child\" data-id=\"0d350ef\" data-element_type=\"container\">\n\t\t<div class=\"elementor-element elementor-element-b095136 e-con-full e-flex e-con e-child\" data-id=\"b095136\" data-element_type=\"container\">\n\t\t\t\t<div class=\"elementor-element elementor-element-dce5e2d elementor-widget elementor-widget-text-editor\" data-id=\"dce5e2d\" data-element_type=\"widget\" data-widget_type=\"text-editor.default\">\n\t\t\t\t<div class=\"elementor-widget-container\">\n\t\t\t\t\t\t\t\t\t<ul>\n<li>Conduite par joystick proportionnel intuitif<\/li>\n<li>Transmission automatique<\/li>\n<li>Capacit\u00e9 de conduire \u00e0 partir du c\u00f4t\u00e9 gauche ou du c\u00f4t\u00e9 droit<\/li>\n<li>Affichage de tableau de bord intuitif<\/li>\n<\/ul>\n\t\t\t\t\t\t\t\t<\/div>\n\t\t\t\t<\/div>\n\t\t\t\t<\/div>\n\t\t<div class=\"elementor-element elementor-element-0eab70c e-con-full e-flex e-con e-child\" data-id=\"0eab70c\" data-element_type=\"container\">\n\t\t\t\t<div class=\"elementor-element elementor-element-02a6e72 elementor-widget elementor-widget-text-editor\" data-id=\"02a6e72\" data-element_type=\"widget\" data-widget_type=\"text-editor.default\">\n\t\t\t\t<div class=\"elementor-widget-container\">\n\t\t\t\t\t\t\t\t\t<ul>\n<li>Plus grand espace de cabine sur le march\u00e9<\/li>\n<li>Si\u00e8ges ergonomiques \u00e0 toutes les positions<\/li>\n<li>Contr\u00f4le de la climatisation<\/li>\n<\/ul>\n\t\t\t\t\t\t\t\t<\/div>\n\t\t\t\t<\/div>\n\t\t\t\t<\/div>\n\t\t\t\t<\/div>\n\t\t\t\t<\/div>\n\t\t\t\t<\/div>\n\t\t<div class=\"elementor-element elementor-element-e6cefd2 e-grid e-con-full e-con e-child\" data-id=\"e6cefd2\" data-element_type=\"container\">\n\t\t<div class=\"elementor-element elementor-element-7dd2b40 e-con-full e-flex e-con e-child\" data-id=\"7dd2b40\" data-element_type=\"container\">\n\t\t\t\t<div class=\"elementor-element elementor-element-95d0e61 elementor-widget elementor-widget-heading\" data-id=\"95d0e61\" data-element_type=\"widget\" data-widget_type=\"heading.default\">\n\t\t\t\t<div class=\"elementor-widget-container\">\n\t\t\t\t\t<span class=\"elementor-heading-title elementor-size-default\">03<\/span>\t\t\t\t<\/div>\n\t\t\t\t<\/div>\n\t\t\t\t<div class=\"elementor-element elementor-element-54c8ff7 elementor-widget elementor-widget-heading\" data-id=\"54c8ff7\" data-element_type=\"widget\" data-widget_type=\"heading.default\">\n\t\t\t\t<div class=\"elementor-widget-container\">\n\t\t\t\t\t<h5 class=\"elementor-heading-title elementor-size-default\">Entretien<\/h5>\t\t\t\t<\/div>\n\t\t\t\t<\/div>\n\t\t\t\t<div class=\"elementor-element elementor-element-9ecae2b elementor-widget elementor-widget-text-editor\" data-id=\"9ecae2b\" data-element_type=\"widget\" data-widget_type=\"text-editor.default\">\n\t\t\t\t<div class=\"elementor-widget-container\">\n\t\t\t\t\t\t\t\t\t<ul>\n<li>Moteur Tier 4 final\/Stage V (sans Ur\u00e9e)<\/li>\n<li>Transmission Danfoss<\/li>\n<li>Syst\u00e8me d\u2019entra\u00eenement sans entretien<\/li>\n<\/ul>\n\t\t\t\t\t\t\t\t<\/div>\n\t\t\t\t<\/div>\n\t\t\t\t<\/div>\n\t\t<div class=\"elementor-element elementor-element-0424e4a e-con-full e-flex e-con e-child\" data-id=\"0424e4a\" data-element_type=\"container\">\n\t\t\t\t<div class=\"elementor-element elementor-element-122539a elementor-widget elementor-widget-heading\" data-id=\"122539a\" data-element_type=\"widget\" data-widget_type=\"heading.default\">\n\t\t\t\t<div class=\"elementor-widget-container\">\n\t\t\t\t\t<span class=\"elementor-heading-title elementor-size-default\">04<\/span>\t\t\t\t<\/div>\n\t\t\t\t<\/div>\n\t\t\t\t<div class=\"elementor-element elementor-element-917dc70 elementor-widget elementor-widget-heading\" data-id=\"917dc70\" data-element_type=\"widget\" data-widget_type=\"heading.default\">\n\t\t\t\t<div class=\"elementor-widget-container\">\n\t\t\t\t\t<h5 class=\"elementor-heading-title elementor-size-default\">Performance<\/h5>\t\t\t\t<\/div>\n\t\t\t\t<\/div>\n\t\t\t\t<div class=\"elementor-element elementor-element-27cf034 elementor-widget elementor-widget-text-editor\" data-id=\"27cf034\" data-element_type=\"widget\" data-widget_type=\"text-editor.default\">\n\t\t\t\t<div class=\"elementor-widget-container\">\n\t\t\t\t\t\t\t\t\t<ul>\n<li>Amphibie<\/li>\n<li>Tout-terrain<\/li>\n<li>Toutes les saisons<\/li>\n<li>Capacit\u00e9 de transporter jusqu\u2019\u00e0 16 personnes<\/li>\n<li>Pression au sol ultra-basse<\/li>\n<li>Autonomie de carburant<\/li>\n<li>Modes de conduite pr\u00e9r\u00e9gl\u00e9s<\/li>\n<\/ul>\n\t\t\t\t\t\t\t\t<\/div>\n\t\t\t\t<\/div>\n\t\t\t\t<\/div>\n\t\t\t\t<\/div>\n\t\t\t\t<\/div>\n\t\t\t\t<div class=\"elementor-element elementor-element-cdca4d6 elementor-absolute elementor-hidden-tablet elementor-hidden-mobile elementor-widget elementor-widget-image\" data-id=\"cdca4d6\" data-element_type=\"widget\" data-settings=\"{&quot;_position&quot;:&quot;absolute&quot;}\" data-widget_type=\"image.default\">\n\t\t\t\t<div class=\"elementor-widget-container\">\n\t\t\t\t\t\t\t\t\t\t\t\t\t\t\t<img decoding=\"async\" width=\"1128\" height=\"768\" src=\"https:\/\/fattruck.com\/wp-content\/uploads\/2024\/08\/tire-bg.png\" class=\"attachment-full size-full wp-image-2861\" alt=\"\" srcset=\"https:\/\/fattruck.com\/wp-content\/uploads\/2024\/08\/tire-bg.png 1128w, https:\/\/fattruck.com\/wp-content\/uploads\/2024\/08\/tire-bg-300x204.png 300w, https:\/\/fattruck.com\/wp-content\/uploads\/2024\/08\/tire-bg-1024x697.png 1024w, https:\/\/fattruck.com\/wp-content\/uploads\/2024\/08\/tire-bg-768x523.png 768w\" sizes=\"(max-width: 1128px) 100vw, 1128px\" \/>\t\t\t\t\t\t\t\t\t\t\t\t\t\t\t<\/div>\n\t\t\t\t<\/div>\n\t\t\t\t<\/div>\n\t\t\t\t<\/div>\n\t\t","protected":false},"excerpt":{"rendered":"<p>Caract\u00e9ristiques Explorez l&rsquo;avenir du transport tout-terrain gr\u00e2ce aux performances in\u00e9gal\u00e9es du Fat Truck, leader en Am\u00e9rique du Nord en mati\u00e8re [&hellip;]<\/p>\n","protected":false},"author":1,"featured_media":0,"parent":0,"menu_order":0,"comment_status":"closed","ping_status":"closed","template":"","meta":{"_acf_changed":false,"site-sidebar-layout":"no-sidebar","site-content-layout":"","ast-site-content-layout":"full-width-container","site-content-style":"default","site-sidebar-style":"default","ast-global-header-display":"","ast-banner-title-visibility":"","ast-main-header-display":"","ast-hfb-above-header-display":"","ast-hfb-below-header-display":"","ast-hfb-mobile-header-display":"","site-post-title":"disabled","ast-breadcrumbs-content":"","ast-featured-img":"disabled","footer-sml-layout":"","ast-disable-related-posts":"","theme-transparent-header-meta":"","adv-header-id-meta":"","stick-header-meta":"","header-above-stick-meta":"","header-main-stick-meta":"","header-below-stick-meta":"","astra-migrate-meta-layouts":"default","ast-page-background-enabled":"default","ast-page-background-meta":{"desktop":{"background-color":"var(--ast-global-color-4)","background-image":"","background-repeat":"repeat","background-position":"center center","background-size":"auto","background-attachment":"scroll","background-type":"","background-media":"","overlay-type":"","overlay-color":"","overlay-opacity":"","overlay-gradient":""},"tablet":{"background-color":"","background-image":"","background-repeat":"repeat","background-position":"center center","background-size":"auto","background-attachment":"scroll","background-type":"","background-media":"","overlay-type":"","overlay-color":"","overlay-opacity":"","overlay-gradient":""},"mobile":{"background-color":"","background-image":"","background-repeat":"repeat","background-position":"center center","background-size":"auto","background-attachment":"scroll","background-type":"","background-media":"","overlay-type":"","overlay-color":"","overlay-opacity":"","overlay-gradient":""}},"ast-content-background-meta":{"desktop":{"background-color":"var(--ast-global-color-5)","background-image":"","background-repeat":"repeat","background-position":"center center","background-size":"auto","background-attachment":"scroll","background-type":"","background-media":"","overlay-type":"","overlay-color":"","overlay-opacity":"","overlay-gradient":""},"tablet":{"background-color":"var(--ast-global-color-5)","background-image":"","background-repeat":"repeat","background-position":"center center","background-size":"auto","background-attachment":"scroll","background-type":"","background-media":"","overlay-type":"","overlay-color":"","overlay-opacity":"","overlay-gradient":""},"mobile":{"background-color":"var(--ast-global-color-5)","background-image":"","background-repeat":"repeat","background-position":"center center","background-size":"auto","background-attachment":"scroll","background-type":"","background-media":"","overlay-type":"","overlay-color":"","overlay-opacity":"","overlay-gradient":""}},"footnotes":""},"class_list":["post-6517","page","type-page","status-publish","hentry"],"acf":[],"yoast_head":"<!-- This site is optimized with the Yoast SEO plugin v26.8 - https:\/\/yoast.com\/product\/yoast-seo-wordpress\/ -->\n<title>Caract\u00e9ristiques - Fat Truck<\/title>\n<meta name=\"robots\" content=\"index, follow, max-snippet:-1, max-image-preview:large, max-video-preview:-1\" \/>\n<link rel=\"canonical\" href=\"https:\/\/fattruck.com\/fr\/caracteristiques\/\" \/>\n<meta property=\"og:locale\" content=\"fr_FR\" \/>\n<meta property=\"og:type\" content=\"article\" \/>\n<meta property=\"og:title\" content=\"Caract\u00e9ristiques - Fat Truck\" \/>\n<meta property=\"og:description\" content=\"Caract\u00e9ristiques Explorez l&rsquo;avenir du transport tout-terrain gr\u00e2ce aux performances in\u00e9gal\u00e9es du Fat Truck, leader en Am\u00e9rique du Nord en mati\u00e8re [&hellip;]\" \/>\n<meta property=\"og:url\" content=\"https:\/\/fattruck.com\/fr\/caracteristiques\/\" \/>\n<meta property=\"og:site_name\" content=\"Fat Truck\" \/>\n<meta property=\"article:publisher\" content=\"https:\/\/www.facebook.com\/FatTruckindustrial\" \/>\n<meta property=\"article:modified_time\" content=\"2024-10-31T13:03:12+00:00\" \/>\n<meta property=\"og:image\" content=\"https:\/\/www.fattruck.com\/wp-content\/uploads\/2024\/08\/features-banner.png\" \/>\n<meta name=\"twitter:card\" content=\"summary_large_image\" \/>\n<meta name=\"twitter:label1\" content=\"Dur\u00e9e de lecture estim\u00e9e\" \/>\n\t<meta name=\"twitter:data1\" content=\"2 minutes\" \/>\n<script type=\"application\/ld+json\" class=\"yoast-schema-graph\">{\"@context\":\"https:\/\/schema.org\",\"@graph\":[{\"@type\":\"WebPage\",\"@id\":\"https:\/\/fattruck.com\/fr\/caracteristiques\/\",\"url\":\"https:\/\/fattruck.com\/fr\/caracteristiques\/\",\"name\":\"Caract\u00e9ristiques - Fat Truck\",\"isPartOf\":{\"@id\":\"https:\/\/fattruck.com\/fr\/#website\"},\"primaryImageOfPage\":{\"@id\":\"https:\/\/fattruck.com\/fr\/caracteristiques\/#primaryimage\"},\"image\":{\"@id\":\"https:\/\/fattruck.com\/fr\/caracteristiques\/#primaryimage\"},\"thumbnailUrl\":\"https:\/\/www.fattruck.com\/wp-content\/uploads\/2024\/08\/features-banner.png\",\"datePublished\":\"2024-08-12T19:19:50+00:00\",\"dateModified\":\"2024-10-31T13:03:12+00:00\",\"breadcrumb\":{\"@id\":\"https:\/\/fattruck.com\/fr\/caracteristiques\/#breadcrumb\"},\"inLanguage\":\"fr-FR\",\"potentialAction\":[{\"@type\":\"ReadAction\",\"target\":[\"https:\/\/fattruck.com\/fr\/caracteristiques\/\"]}]},{\"@type\":\"ImageObject\",\"inLanguage\":\"fr-FR\",\"@id\":\"https:\/\/fattruck.com\/fr\/caracteristiques\/#primaryimage\",\"url\":\"https:\/\/www.fattruck.com\/wp-content\/uploads\/2024\/08\/features-banner.png\",\"contentUrl\":\"https:\/\/www.fattruck.com\/wp-content\/uploads\/2024\/08\/features-banner.png\"},{\"@type\":\"BreadcrumbList\",\"@id\":\"https:\/\/fattruck.com\/fr\/caracteristiques\/#breadcrumb\",\"itemListElement\":[{\"@type\":\"ListItem\",\"position\":1,\"name\":\"Accueil\",\"item\":\"https:\/\/fattruck.com\/fr\/\"},{\"@type\":\"ListItem\",\"position\":2,\"name\":\"Caract\u00e9ristiques\"}]},{\"@type\":\"WebSite\",\"@id\":\"https:\/\/fattruck.com\/fr\/#website\",\"url\":\"https:\/\/fattruck.com\/fr\/\",\"name\":\"Fat Truck\",\"description\":\"\",\"publisher\":{\"@id\":\"https:\/\/fattruck.com\/fr\/#organization\"},\"potentialAction\":[{\"@type\":\"SearchAction\",\"target\":{\"@type\":\"EntryPoint\",\"urlTemplate\":\"https:\/\/fattruck.com\/fr\/?s={search_term_string}\"},\"query-input\":{\"@type\":\"PropertyValueSpecification\",\"valueRequired\":true,\"valueName\":\"search_term_string\"}}],\"inLanguage\":\"fr-FR\"},{\"@type\":\"Organization\",\"@id\":\"https:\/\/fattruck.com\/fr\/#organization\",\"name\":\"Fat Truck\",\"url\":\"https:\/\/fattruck.com\/fr\/\",\"logo\":{\"@type\":\"ImageObject\",\"inLanguage\":\"fr-FR\",\"@id\":\"https:\/\/fattruck.com\/fr\/#\/schema\/logo\/image\/\",\"url\":\"https:\/\/fattruck.com\/wp-content\/uploads\/2025\/09\/Logos-Top-site-web1.svg\",\"contentUrl\":\"https:\/\/fattruck.com\/wp-content\/uploads\/2025\/09\/Logos-Top-site-web1.svg\",\"width\":342,\"height\":54,\"caption\":\"Fat Truck\"},\"image\":{\"@id\":\"https:\/\/fattruck.com\/fr\/#\/schema\/logo\/image\/\"},\"sameAs\":[\"https:\/\/www.facebook.com\/FatTruckindustrial\",\"https:\/\/www.linkedin.com\/company\/fat-truck\/\",\"https:\/\/www.instagram.com\/explore\/locations\/245344492841250\/fat-truck\/?hl=fr\"]}]}<\/script>\n<!-- \/ Yoast SEO plugin. -->","yoast_head_json":{"title":"Caract\u00e9ristiques - Fat Truck","robots":{"index":"index","follow":"follow","max-snippet":"max-snippet:-1","max-image-preview":"max-image-preview:large","max-video-preview":"max-video-preview:-1"},"canonical":"https:\/\/fattruck.com\/fr\/caracteristiques\/","og_locale":"fr_FR","og_type":"article","og_title":"Caract\u00e9ristiques - Fat Truck","og_description":"Caract\u00e9ristiques Explorez l&rsquo;avenir du transport tout-terrain gr\u00e2ce aux performances in\u00e9gal\u00e9es du Fat Truck, leader en Am\u00e9rique du Nord en mati\u00e8re [&hellip;]","og_url":"https:\/\/fattruck.com\/fr\/caracteristiques\/","og_site_name":"Fat Truck","article_publisher":"https:\/\/www.facebook.com\/FatTruckindustrial","article_modified_time":"2024-10-31T13:03:12+00:00","og_image":[{"url":"https:\/\/www.fattruck.com\/wp-content\/uploads\/2024\/08\/features-banner.png","type":"","width":"","height":""}],"twitter_card":"summary_large_image","twitter_misc":{"Dur\u00e9e de lecture estim\u00e9e":"2 minutes"},"schema":{"@context":"https:\/\/schema.org","@graph":[{"@type":"WebPage","@id":"https:\/\/fattruck.com\/fr\/caracteristiques\/","url":"https:\/\/fattruck.com\/fr\/caracteristiques\/","name":"Caract\u00e9ristiques - Fat Truck","isPartOf":{"@id":"https:\/\/fattruck.com\/fr\/#website"},"primaryImageOfPage":{"@id":"https:\/\/fattruck.com\/fr\/caracteristiques\/#primaryimage"},"image":{"@id":"https:\/\/fattruck.com\/fr\/caracteristiques\/#primaryimage"},"thumbnailUrl":"https:\/\/www.fattruck.com\/wp-content\/uploads\/2024\/08\/features-banner.png","datePublished":"2024-08-12T19:19:50+00:00","dateModified":"2024-10-31T13:03:12+00:00","breadcrumb":{"@id":"https:\/\/fattruck.com\/fr\/caracteristiques\/#breadcrumb"},"inLanguage":"fr-FR","potentialAction":[{"@type":"ReadAction","target":["https:\/\/fattruck.com\/fr\/caracteristiques\/"]}]},{"@type":"ImageObject","inLanguage":"fr-FR","@id":"https:\/\/fattruck.com\/fr\/caracteristiques\/#primaryimage","url":"https:\/\/www.fattruck.com\/wp-content\/uploads\/2024\/08\/features-banner.png","contentUrl":"https:\/\/www.fattruck.com\/wp-content\/uploads\/2024\/08\/features-banner.png"},{"@type":"BreadcrumbList","@id":"https:\/\/fattruck.com\/fr\/caracteristiques\/#breadcrumb","itemListElement":[{"@type":"ListItem","position":1,"name":"Accueil","item":"https:\/\/fattruck.com\/fr\/"},{"@type":"ListItem","position":2,"name":"Caract\u00e9ristiques"}]},{"@type":"WebSite","@id":"https:\/\/fattruck.com\/fr\/#website","url":"https:\/\/fattruck.com\/fr\/","name":"Fat Truck","description":"","publisher":{"@id":"https:\/\/fattruck.com\/fr\/#organization"},"potentialAction":[{"@type":"SearchAction","target":{"@type":"EntryPoint","urlTemplate":"https:\/\/fattruck.com\/fr\/?s={search_term_string}"},"query-input":{"@type":"PropertyValueSpecification","valueRequired":true,"valueName":"search_term_string"}}],"inLanguage":"fr-FR"},{"@type":"Organization","@id":"https:\/\/fattruck.com\/fr\/#organization","name":"Fat Truck","url":"https:\/\/fattruck.com\/fr\/","logo":{"@type":"ImageObject","inLanguage":"fr-FR","@id":"https:\/\/fattruck.com\/fr\/#\/schema\/logo\/image\/","url":"https:\/\/fattruck.com\/wp-content\/uploads\/2025\/09\/Logos-Top-site-web1.svg","contentUrl":"https:\/\/fattruck.com\/wp-content\/uploads\/2025\/09\/Logos-Top-site-web1.svg","width":342,"height":54,"caption":"Fat Truck"},"image":{"@id":"https:\/\/fattruck.com\/fr\/#\/schema\/logo\/image\/"},"sameAs":["https:\/\/www.facebook.com\/FatTruckindustrial","https:\/\/www.linkedin.com\/company\/fat-truck\/","https:\/\/www.instagram.com\/explore\/locations\/245344492841250\/fat-truck\/?hl=fr"]}]}},"_links":{"self":[{"href":"https:\/\/fattruck.com\/fr\/wp-json\/wp\/v2\/pages\/6517","targetHints":{"allow":["GET"]}}],"collection":[{"href":"https:\/\/fattruck.com\/fr\/wp-json\/wp\/v2\/pages"}],"about":[{"href":"https:\/\/fattruck.com\/fr\/wp-json\/wp\/v2\/types\/page"}],"author":[{"embeddable":true,"href":"https:\/\/fattruck.com\/fr\/wp-json\/wp\/v2\/users\/1"}],"replies":[{"embeddable":true,"href":"https:\/\/fattruck.com\/fr\/wp-json\/wp\/v2\/comments?post=6517"}],"version-history":[{"count":5,"href":"https:\/\/fattruck.com\/fr\/wp-json\/wp\/v2\/pages\/6517\/revisions"}],"predecessor-version":[{"id":9015,"href":"https:\/\/fattruck.com\/fr\/wp-json\/wp\/v2\/pages\/6517\/revisions\/9015"}],"wp:attachment":[{"href":"https:\/\/fattruck.com\/fr\/wp-json\/wp\/v2\/media?parent=6517"}],"curies":[{"name":"wp","href":"https:\/\/api.w.org\/{rel}","templated":true}]}}